{"id":255,"date":"2023-10-17T16:28:35","date_gmt":"2023-10-17T14:28:35","guid":{"rendered":"https:\/\/transdisciplinary-edu.pl\/?page_id=255"},"modified":"2024-05-27T16:32:57","modified_gmt":"2024-05-27T14:32:57","slug":"o-pracowni","status":"publish","type":"page","link":"https:\/\/transdisciplinary-edu.pl\/index.php\/o-pracowni\/","title":{"rendered":"O Pracowni"},"content":{"rendered":"\n<p><\/p>\n\n\n\n<p><\/p>\n\n\n\n<p class=\"has-text-align-center has-medium-font-size\"><strong>Pracownia Projekt\u00f3w i Bada\u0144 Transdysycyplinarnych jest pierwsz\u0105 <\/strong><br><strong>i do tej pory jedyn\u0105 pracowni\u0105 artystyczn\u0105 w Polsce, kt\u00f3rej programowym za\u0142o\u017ceniem jest tworzenie i rozwijanie platformy wsp\u00f3\u0142pracy mi\u0119dzy akademickimi \u015brodowiskami artystycznymi i naukowymi.<\/strong><\/p>\n\n\n\n<p><\/p>\n\n\n\n<p>Szczeg\u00f3lnie \u015bcis\u0142e kontakty Pracownia rozwija z Wydzia\u0142em Biologii Uniwersytetu im. Mickiewicza w Poznaniu. Dzi\u0119ki tej wsp\u00f3\u0142pracy studenci maj\u0105 dost\u0119p do wszystkich laboratori\u00f3w WB i interdyscyplinarnej wiedzy.<\/p>\n\n\n\n<p>Przy Pracowni dzia\u0142a Klub Nauki i Sztuki oraz galeria KNS w Collegium Biologicum Uniwersytetu im A. Mickiewicza w Poznaniu. Pracownia cieszy si\u0119 r\u00f3wnie\u017c patronatem Art &amp; Science Node w Berlinie promuj\u0105cym dzia\u0142ania Pracowni na arenie mi\u0119dzynarodowej.<\/p>\n\n\n\n<p>W&nbsp;ramach zaj\u0119\u0107 dydaktycznych prowadzone s\u0105 zaj\u0119cia praktyczne, warsztaty, konsultacje, wyk\u0142ady, dyskusje. Studenci tworz\u0105 prace w&nbsp;r\u00f3\u017cnych mediach, ucz\u0105 si\u0119 interaktywnych technologii rozwijaj\u0105c swoje indywidualne zainteresowania oraz w\u0142\u0105czaj\u0105c si\u0119 w&nbsp;projekty pracowniane realizowane zgodnie z&nbsp;zasad\u0105 \u201eThink Big\u201d. Podejmuj\u0105 one wa\u017cne aktualne tematy, nadaj\u0105c do\u015bwiadczeniom lokalnym szersze konteksty i&nbsp;pobudzaj\u0105c tw\u00f3rcze ambicje student\u00f3w. Przyk\u0142adem obecnie prowadzonego przez Pracowni\u0119 kompleksowego projektu artystyczno-badawczo-edukacyjnego jest&nbsp;<em>Ryzosfera: Wielka Sie\u0107 Ma\u0142ych \u015awiat\u00f3w.<\/em><\/p>\n\n\n\n<div class=\"wp-block-cover is-light wp-duotone-unset-2\" style=\"padding-top:4vw;padding-right:4vw;padding-bottom:4vw;padding-left:4vw;min-height:410px;aspect-ratio:unset;\"><span aria-hidden=\"true\" class=\"wp-block-cover__background has-base-background-color has-background-dim-100 has-background-dim\"><\/span><div class=\"wp-block-cover__inner-container is-layout-flow wp-block-cover-is-layout-flow\">\n<figure class=\"wp-block-gallery has-nested-images columns-default is-cropped wp-block-gallery-1 is-layout-flex wp-block-gallery-is-layout-flex\">\n<figure class=\"wp-block-image size-large\"><img loading=\"lazy\" decoding=\"async\" width=\"960\" height=\"720\" data-id=\"342\" src=\"https:\/\/transdisciplinary-edu.pl\/wp-content\/uploads\/2023\/10\/Warsztaty-w-pracowni-Mikroskopii-elektronowej-i-konfokalnej-WB-UAM_01.jpg\" alt=\"\" class=\"wp-image-342\" srcset=\"https:\/\/transdisciplinary-edu.pl\/wp-content\/uploads\/2023\/10\/Warsztaty-w-pracowni-Mikroskopii-elektronowej-i-konfokalnej-WB-UAM_01.jpg 960w, https:\/\/transdisciplinary-edu.pl\/wp-content\/uploads\/2023\/10\/Warsztaty-w-pracowni-Mikroskopii-elektronowej-i-konfokalnej-WB-UAM_01-300x225.jpg 300w, https:\/\/transdisciplinary-edu.pl\/wp-content\/uploads\/2023\/10\/Warsztaty-w-pracowni-Mikroskopii-elektronowej-i-konfokalnej-WB-UAM_01-768x576.jpg 768w\" sizes=\"auto, (max-width: 960px) 100vw, 960px\" \/><\/figure>\n\n\n\n<figure class=\"wp-block-image size-large\"><img loading=\"lazy\" decoding=\"async\" width=\"1024\" height=\"683\" data-id=\"338\" src=\"https:\/\/transdisciplinary-edu.pl\/wp-content\/uploads\/2023\/10\/1b.Mikoryzator-1024x683.jpg\" alt=\"\" class=\"wp-image-338\" srcset=\"https:\/\/transdisciplinary-edu.pl\/wp-content\/uploads\/2023\/10\/1b.Mikoryzator-1024x683.jpg 1024w, https:\/\/transdisciplinary-edu.pl\/wp-content\/uploads\/2023\/10\/1b.Mikoryzator-300x200.jpg 300w, https:\/\/transdisciplinary-edu.pl\/wp-content\/uploads\/2023\/10\/1b.Mikoryzator-768x512.jpg 768w, https:\/\/transdisciplinary-edu.pl\/wp-content\/uploads\/2023\/10\/1b.Mikoryzator.jpg 1200w\" sizes=\"auto, (max-width: 1024px) 100vw, 1024px\" \/><\/figure>\n\n\n\n<figure class=\"wp-block-image size-large\"><img loading=\"lazy\" decoding=\"async\" width=\"1000\" height=\"563\" data-id=\"341\" src=\"https:\/\/transdisciplinary-edu.pl\/wp-content\/uploads\/2023\/10\/9.jpg\" alt=\"\" class=\"wp-image-341\" srcset=\"https:\/\/transdisciplinary-edu.pl\/wp-content\/uploads\/2023\/10\/9.jpg 1000w, https:\/\/transdisciplinary-edu.pl\/wp-content\/uploads\/2023\/10\/9-300x169.jpg 300w, https:\/\/transdisciplinary-edu.pl\/wp-content\/uploads\/2023\/10\/9-768x432.jpg 768w\" sizes=\"auto, (max-width: 1000px) 100vw, 1000px\" \/><\/figure>\n\n\n\n<figure class=\"wp-block-image size-large\"><img loading=\"lazy\" decoding=\"async\" width=\"1024\" height=\"683\" data-id=\"337\" src=\"https:\/\/transdisciplinary-edu.pl\/wp-content\/uploads\/2023\/10\/MG_7493-1024x683.jpg\" alt=\"\" class=\"wp-image-337\" srcset=\"https:\/\/transdisciplinary-edu.pl\/wp-content\/uploads\/2023\/10\/MG_7493-1024x683.jpg 1024w, https:\/\/transdisciplinary-edu.pl\/wp-content\/uploads\/2023\/10\/MG_7493-300x200.jpg 300w, https:\/\/transdisciplinary-edu.pl\/wp-content\/uploads\/2023\/10\/MG_7493-768x512.jpg 768w, https:\/\/transdisciplinary-edu.pl\/wp-content\/uploads\/2023\/10\/MG_7493-1536x1024.jpg 1536w, https:\/\/transdisciplinary-edu.pl\/wp-content\/uploads\/2023\/10\/MG_7493-2048x1365.jpg 2048w\" sizes=\"auto, (max-width: 1024px) 100vw, 1024px\" \/><\/figure>\n\n\n\n<figure class=\"wp-block-image size-large\"><img loading=\"lazy\" decoding=\"async\" width=\"1024\" height=\"683\" data-id=\"339\" src=\"https:\/\/transdisciplinary-edu.pl\/wp-content\/uploads\/2023\/10\/MG_8486-1024x683.jpg\" alt=\"\" class=\"wp-image-339\" srcset=\"https:\/\/transdisciplinary-edu.pl\/wp-content\/uploads\/2023\/10\/MG_8486-1024x683.jpg 1024w, https:\/\/transdisciplinary-edu.pl\/wp-content\/uploads\/2023\/10\/MG_8486-300x200.jpg 300w, https:\/\/transdisciplinary-edu.pl\/wp-content\/uploads\/2023\/10\/MG_8486-768x512.jpg 768w, https:\/\/transdisciplinary-edu.pl\/wp-content\/uploads\/2023\/10\/MG_8486-1536x1024.jpg 1536w, https:\/\/transdisciplinary-edu.pl\/wp-content\/uploads\/2023\/10\/MG_8486-2048x1365.jpg 2048w\" sizes=\"auto, (max-width: 1024px) 100vw, 1024px\" \/><\/figure>\n<\/figure>\n<\/div><\/div>\n\n\n\n<p><br><\/p>\n\n\n\n<p class=\"has-text-align-center has-base-color has-contrast-background-color has-text-color has-background\"><em><strong>Zapisy do pracowni mog\u0105 odbywa\u0107 si\u0119 drog\u0105 korespondencyjn\u0105 oraz przez osobiste zg\u0142oszenie podczas zaj\u0119\u0107 w Pracowni.<\/strong><\/em><\/p>\n\n\n\n<p><br><\/p>\n\n\n\n<h5 class=\"wp-block-heading has-text-align-center\">Kierownik Pracowni: prof. dr hab. Joanna Hoffmann-Dietrich<br><a href=\"mailto:joanna.hoffmann@uap.edu.pl\">joanna.hoffmann@uap.edu.pl<\/a><\/h5>\n\n\n\n<p class=\"has-text-align-center\"><a href=\"http:\/\/www.johoffmann.com\/\" target=\"_blank\" rel=\"noreferrer noopener\">www.johoffmann.com<\/a><\/p>\n\n\n\n<p class=\"has-text-align-center\">Joanna Hoffmann jest autork\u0105 instalacji multimedialnych, VR, AR, eksperymentalnych wideo-animacji i ksi\u0105\u017cek artystycznych&nbsp; Jej prace artystyczne by\u0142y prezentowane w Europie, Azjii, obu Amerykach,&nbsp;m.in. Centrum Sztuki Wsp\u00f3\u0142czesnej w Warszawie; Science Museum\/DANA Centre w Londynie,&nbsp; Museum of Contemporary Art w Londynie; Hiroshima Prefecture Art&nbsp; Museum, MUSE w Nowym Jorku, Osage Gallery w Hong Kongu, Nanyang Technological University w Singapurze, Ogrodzie Botanicznym w Rzymie. Bra\u0142a udzia\u0142 w wielu mi\u0119dzynarodowych festiwalach i sympozjach&nbsp;m.in. ISEA International Symposium of Electronic Arts w Pary\u017cu, Istambule, Sydney i Singapurze, Vertigo Forum <br>w Centrum Pompidou w Pary\u017cu, Transmediale Festival of Digital Culture <br>w Berlinie czy WRO Biennale Sztuki Medi\u00f3w we Wroc\u0142awiu. W 2019 roku by\u0142a Artyst\u0105 Honorowym XII Biennale Sztuki Wsp\u00f3\u0142czesnej we Florencji. Odznaczona br\u0105zowym medalem Gloria Artis przez Ministra Kultury RP.&nbsp;<\/p>\n\n\n\n<p class=\"has-text-align-center\">Prowadzi Fundacj\u0119&nbsp; Art Science Synergy Foundation \/ Art &amp; Science Node.<\/p>\n\n\n\n<div style=\"height:54px\" aria-hidden=\"true\" class=\"wp-block-spacer\"><\/div>\n\n\n\n<h5 class=\"wp-block-heading has-text-align-center\">Asystent: mgr MATEUSZ JANIK<br><a href=\"mailto:MATEUSZ.JANIK@UAP.EDU.PL\">MATEUSZ.JANIK@UAP.EDU.PL<\/a><\/h5>\n\n\n\n<p class=\"has-text-align-center\"><a href=\"http:\/\/mateuszjanik.com\" data-type=\"link\" data-id=\"http:\/\/mateuszjanik.com\">www.mateuszjanik.com<\/a><\/p>\n\n\n\n<p class=\"has-text-align-center\">Urodzony w 1997 roku w Krakowie, absolwent fotografii na Uniwersytecie Artystycznym im. Magdaleny Abakanowicz w Poznaniu.<\/p>\n\n\n\n<p class=\"has-text-align-center\">Jest artyst\u0105 nowych medi\u00f3w, kt\u00f3ry eksploruje kultur\u0119 internetow\u0105, figitalno\u015b\u0107 <br>i to\u017csamo\u015b\u0107 poprzez ruchome i statyczne obrazy, tekstylia, do\u015bwiadczenia z AR, zaw\u0142aszczanie i mechanizmy sztucznej inteligencji. Jego prace cz\u0119sto wykorzystuj\u0105 powracaj\u0105ce motywy twarzy, (trans)krycia i kultury pop, pos\u0142uguj\u0105c si\u0119 przy tym cringem jako estetyk\u0105 komentuj\u0105c\u0105 rzeczywisto\u015b\u0107 wsp\u00f3\u0142czesn\u0105. Poprzez u\u017cycie cringe\u2019u, d\u0105\u017cy do zerwania z tradycyjnymi granicami mi\u0119dzy \u201ewysok\u0105\u201d a \u201enisk\u0105\u201d kultur\u0105 oraz podkre\u015bla cz\u0119sto niewygodne napi\u0119cia mi\u0119dzy nimi.<\/p>\n\n\n\n<p class=\"has-text-align-center\">W jego sztuce kluczow\u0105 rol\u0119 odgrywaj\u0105 r\u00f3wnie\u017c memy, kt\u00f3re jako forma produkcji kulturowej odzwierciedlaj\u0105 nasz\u0105 kolektywn\u0105 psyche i oferuj\u0105 unikalne spojrzenie na ducha dzisiejszych czas\u00f3w. Poprzez zaw\u0142aszczanie <br>i manipulowanie tymi artefaktami kulturowymi, d\u0105\u017cy do stworzenia dyskursu, kt\u00f3ry kwestionuje nasze postrzeganie rzeczywisto\u015bci i oferuje \u015bwie\u017ce spojrzenie na wsp\u00f3\u0142czesne problemy.<\/p>\n\n\n\n<p class=\"has-text-align-center\"> Jego prace wystawiane by\u0142y m.in. w Poznaniu, Warszawie i Berlinie.<\/p>\n\n\n\n<div style=\"height:100px\" aria-hidden=\"true\" class=\"wp-block-spacer\"><\/div>\n\n\n<div class=\"_df_book df-lite\" id=\"df_rand1985026505\"  data-title=\"\" _slug=\"o-pracowni\" wpoptions=\"true\" thumbtype=\"\" source=\"http:\/\/transdisciplinary-edu.pl\/wp-content\/uploads\/2023\/10\/Myslec-Sztuka.pdf\" ><\/div>\n\n\n<div class=\"_df_book df-lite\" id=\"df_rand1186116799\"  data-title=\"\" _slug=\"o-pracowni\" wpoptions=\"true\" thumbtype=\"\" source=\"http:\/\/transdisciplinary-edu.pl\/wp-content\/uploads\/2023\/10\/Prezentacja23-4.pdf\" ><\/div>\n\n\n<div class=\"_df_book df-lite\" id=\"df_rand468656631\"  data-title=\"\" _slug=\"o-pracowni\" wpoptions=\"true\" thumbtype=\"\" source=\"http:\/\/transdisciplinary-edu.pl\/wp-content\/uploads\/2023\/10\/Kronika_timeline.pdf\" ><\/div>\n\n\n<div class=\"_df_book df-lite\" id=\"df_rand558878923\"  data-title=\"\" _slug=\"o-pracowni\" wpoptions=\"true\" thumbtype=\"\" source=\"http:\/\/transdisciplinary-edu.pl\/wp-content\/uploads\/2023\/10\/Flow.pdf\" ><\/div>\n\n\n<div class=\"_df_book df-lite\" id=\"df_rand837470555\"  data-title=\"\" _slug=\"o-pracowni\" wpoptions=\"true\" thumbtype=\"\" source=\"http:\/\/transdisciplinary-edu.pl\/wp-content\/uploads\/2023\/10\/24-29_Lembicz_pol.pdf\" ><\/div>\n","protected":false},"excerpt":{"rendered":"<p>Pracownia Projekt\u00f3w i Bada\u0144 Transdysycyplinarnych jest pierwsz\u0105 i do tej pory jedyn\u0105 pracowni\u0105 artystyczn\u0105 w Polsce, kt\u00f3rej programowym za\u0142o\u017ceniem jest tworzenie i rozwijanie platformy wsp\u00f3\u0142pracy mi\u0119dzy akademickimi \u015brodowiskami artystycznymi i naukowymi. Szczeg\u00f3lnie \u015bcis\u0142e kontakty Pracownia rozwija z Wydzia\u0142em Biologii Uniwersytetu im. Mickiewicza w Poznaniu. Dzi\u0119ki tej wsp\u00f3\u0142pracy studenci maj\u0105 dost\u0119p do wszystkich laboratori\u00f3w WB i [&hellip;]<\/p>\n","protected":false},"author":1,"featured_media":0,"parent":0,"menu_order":0,"comment_status":"closed","ping_status":"closed","template":"","meta":{"ngg_post_thumbnail":0,"footnotes":""},"class_list":["post-255","page","type-page","status-publish","hentry"],"_links":{"self":[{"href":"https:\/\/transdisciplinary-edu.pl\/index.php\/wp-json\/wp\/v2\/pages\/255","targetHints":{"allow":["GET"]}}],"collection":[{"href":"https:\/\/transdisciplinary-edu.pl\/index.php\/wp-json\/wp\/v2\/pages"}],"about":[{"href":"https:\/\/transdisciplinary-edu.pl\/index.php\/wp-json\/wp\/v2\/types\/page"}],"author":[{"embeddable":true,"href":"https:\/\/transdisciplinary-edu.pl\/index.php\/wp-json\/wp\/v2\/users\/1"}],"replies":[{"embeddable":true,"href":"https:\/\/transdisciplinary-edu.pl\/index.php\/wp-json\/wp\/v2\/comments?post=255"}],"version-history":[{"count":31,"href":"https:\/\/transdisciplinary-edu.pl\/index.php\/wp-json\/wp\/v2\/pages\/255\/revisions"}],"predecessor-version":[{"id":979,"href":"https:\/\/transdisciplinary-edu.pl\/index.php\/wp-json\/wp\/v2\/pages\/255\/revisions\/979"}],"wp:attachment":[{"href":"https:\/\/transdisciplinary-edu.pl\/index.php\/wp-json\/wp\/v2\/media?parent=255"}],"curies":[{"name":"wp","href":"https:\/\/api.w.org\/{rel}","templated":true}]}}