{"id":377,"date":"2023-10-20T17:00:13","date_gmt":"2023-10-20T15:00:13","guid":{"rendered":"https:\/\/transdisciplinary-edu.pl\/?page_id=377"},"modified":"2024-09-24T20:11:31","modified_gmt":"2024-09-24T18:11:31","slug":"tematy-pracowni-2023-24","status":"publish","type":"page","link":"https:\/\/transdisciplinary-edu.pl\/index.php\/tematy-pracowni-2023-24\/","title":{"rendered":"Tematy Pracowni 2023\/24"},"content":{"rendered":"\n<p style=\"margin-right:0px;margin-left:0px\"><\/p>\n\n\n\n<p><\/p>\n\n\n\n<figure class=\"wp-block-image alignwide size-large\"><img loading=\"lazy\" decoding=\"async\" width=\"1024\" height=\"576\" src=\"https:\/\/transdisciplinary-edu.pl\/wp-content\/uploads\/2023\/10\/1-1024x576.jpg\" alt=\"\" class=\"wp-image-378\" srcset=\"https:\/\/transdisciplinary-edu.pl\/wp-content\/uploads\/2023\/10\/1-1024x576.jpg 1024w, https:\/\/transdisciplinary-edu.pl\/wp-content\/uploads\/2023\/10\/1-300x169.jpg 300w, https:\/\/transdisciplinary-edu.pl\/wp-content\/uploads\/2023\/10\/1-768x432.jpg 768w, https:\/\/transdisciplinary-edu.pl\/wp-content\/uploads\/2023\/10\/1-1536x864.jpg 1536w, https:\/\/transdisciplinary-edu.pl\/wp-content\/uploads\/2023\/10\/1.jpg 1920w\" sizes=\"auto, (max-width: 1024px) 100vw, 1024px\" \/><\/figure>\n\n\n\n<p>1. <strong>SMART CITY &#8211; FUNGI<\/strong><\/p>\n\n\n\n<p style=\"margin-right:0;margin-left:0\"><em>Projekt Ryzosfera: Wielka Sie\u0107 Ma\u0142ych \u015awiat\u00f3w to innowacyjny i kompleksowy program \u0142\u0105cz\u0105cy sztuk\u0119, nauk\u0119 i edukacj\u0119. Inspiracj\u0105 s\u0105 badania naukowe dotycz\u0105ce stref korzeni ro\u015blin (ryzosfery) tworz\u0105cych sieci z grzybami <\/em><br><em>i mikroorganizmami, w kt\u00f3rych nast\u0119puje dystrybucja informacji i zasob\u00f3w. Sieci <\/em><br><em>te, oparte na r\u00f3\u017cnorodno\u015bci, symbiozie i wsp\u00f3\u0142zale\u017cno\u015bci \u201ema\u0142ych \u015bwiat\u00f3w\u201d, mog\u0105 przetrwa\u0107 tysi\u0105ce lat, tworz\u0105c optymalne warunki do utrzymania i rozwoju wszystkich zainteresowanych stron. W obliczu globalnych i lokalnych kryzys\u00f3w ekologicznych i spo\u0142ecznych rosn\u0105ca wiedza na temat ro\u015blin i strategii ich komunikacji inspiruje nas do poszukiwania nowych rozwi\u0105za\u0144 na rzecz zr\u00f3wnowa\u017conej, bardziej otwartej i sprawiedliwej przysz\u0142o\u015bci, a tak\u017ce <\/em><br><em>do redefiniowania paradygmat\u00f3w kulturowych, kt\u00f3re determinuj\u0105 nasze zachowania <\/em><br><em>i dzia\u0142ania.<\/em><\/p>\n\n\n\n<p style=\"margin-right:var(--wp--preset--spacing--50);margin-left:var(--wp--preset--spacing--50)\">Wi\u0119cej o projekcie na stronie <strong><a href=\"https:\/\/artscience-node.com\/rhizosphere-network\/\" data-type=\"link\" data-id=\"https:\/\/artscience-node.com\/rhizosphere-network\/\">Art &amp; Science Node<\/a><\/strong>.<\/p>\n\n\n\n<p>Podczas gdy nowoczesne miasta stopniowo oddala\u0142y nas od natury, ta ostatnia zawsze pozostawa\u0142a integraln\u0105 cz\u0119\u015bci\u0105 miejskiego krajobrazu.<\/p>\n\n\n\n<p>Termin <em>Smart City<\/em> kojarzy nam si\u0119 z rozwojem nowych technologii i wykorzystaniem ich do zarz\u0105dzania miastem i&nbsp;dla polepszenia jako\u015bci \u017cycia (patrz: Wikipedia, <a href=\"https:\/\/pl.wikipedia.org\/wiki\/Inteligentne_miasto\">https:\/\/pl.wikipedia.org\/wiki\/Inteligentne_miasto<\/a>), nasze miasta s\u0105 r\u00f3wnie\u017c miejscem ekspresji inteligencji natury, kt\u00f3rej sieci ewoluowa\u0142y przez miliony lat zapewniaj\u0105c optymalne warunki \u017cycia dla wszystkich jej udzia\u0142owc\u00f3w.<\/p>\n\n\n\n<blockquote class=\"wp-block-quote is-layout-flow wp-block-quote-is-layout-flow\">\n<p class=\"has-text-align-center\"><strong>s\u0142owa kluczowe<\/strong>: symbiocen, koinocen, antropocen, habitat miejski, bior\u00f3\u017cnorodno\u015b\u0107, komunikacja, hybryda, nie-ludzka inteligencja, inteligencja rozproszona, mi\u0119dzygatunkowo\u015b\u0107, sieci, re-witalizacja, ogr\u00f3d, kreatywno\u015b\u0107, sustainability, bio-hacking, energia, carbon, zmiany klimatyczne, transformacja, bio-computing, AI, symbioza, wsp\u00f3\u0142praca, Solarpunk, interfejsy, Invisible Cities\/subtle cities, future-cities, <br>ir-racjonalno\u015b\u0107, czas, skala, rytm, samopoznanie, wra\u017cliwo\u015b\u0107, <br>porz\u0105dek i chaos, entropia<\/p>\n<\/blockquote>\n\n\n\n<div style=\"height:30px\" aria-hidden=\"true\" class=\"wp-block-spacer\"><\/div>\n\n\n<center><iframe loading=\"lazy\" src=\"https:\/\/www.google.com\/maps\/d\/u\/0\/embed?mid=16bbATN-fUhW9eVlr9rBAGDnPH1jTBkI&#038;ehbc=2E312F&#038;noprof=1\" width=\"640\" height=\"480\"><\/iframe><\/center>\n\n\n<p class=\"has-text-align-left has-small-font-size\">Po uruchomieniu mapy polecamy wej\u015b\u0107 w Opcje -&gt; Wy\u015bwietl map\u0119 w Google Earth<\/p>\n\n\n\n<p>Smart City \u2013 mapa my\u015bli: <a href=\"https:\/\/jamboard.google.com\/d\/16hBRxh4kIsVymD4xsq08jqPxlhY4_PG3c9weC-GBUJI\/edit?usp=sharing\">https:\/\/jamboard.google.com\/d\/16hBRxh4kIsVymD4xsq08jqPxlhY4_PG3c9weC-GBUJI\/edit?usp=sharing<\/a><\/p>\n\n\n\n<p>2. <strong>Symbiotyczne transformacje<\/strong><\/p>\n\n\n\n<div style=\"height:35px\" aria-hidden=\"true\" class=\"wp-block-spacer\"><\/div>\n\n\n\n<p><strong>Do pobrania:<\/strong><\/p>\n\n\n<div class=\"_df_book df-lite\" id=\"df_815\"  data-title=\"prezentacja-fotogrametria\" _slug=\"815\" wpoptions=\"true\" thumbtype=\"\" ><\/div><script class=\"df-shortcode-script\" type=\"application\/javascript\">window.option_df_815 = {\"outline\":[],\"autoEnableOutline\":\"false\",\"autoEnableThumbnail\":\"false\",\"overwritePDFOutline\":\"false\",\"direction\":\"1\",\"pageSize\":\"0\",\"source\":\"http:\\\/\\\/transdisciplinary-edu.pl\\\/wp-content\\\/uploads\\\/2024\\\/02\\\/Prezentacja-Fotogrametria.pdf\",\"wpOptions\":\"true\"}; if(window.DFLIP && window.DFLIP.parseBooks){window.DFLIP.parseBooks();}<\/script>\n\n\n<div class=\"_df_book df-lite\" id=\"df_887\"  data-title=\"\" _slug=\"887\" wpoptions=\"true\" thumbtype=\"\" ><\/div><script class=\"df-shortcode-script\" type=\"application\/javascript\">window.option_df_887 = {\"outline\":[],\"autoEnableOutline\":\"false\",\"autoEnableThumbnail\":\"false\",\"overwritePDFOutline\":\"false\",\"direction\":\"1\",\"pageSize\":\"0\",\"source\":\"http:\\\/\\\/transdisciplinary-edu.pl\\\/wp-content\\\/uploads\\\/2024\\\/04\\\/Prezentacja-Fotografia-w-grach-wideo.pdf\",\"wpOptions\":\"true\"}; if(window.DFLIP && window.DFLIP.parseBooks){window.DFLIP.parseBooks();}<\/script>\n","protected":false},"excerpt":{"rendered":"<p>1. SMART CITY &#8211; FUNGI Projekt Ryzosfera: Wielka Sie\u0107 Ma\u0142ych \u015awiat\u00f3w to innowacyjny i kompleksowy program \u0142\u0105cz\u0105cy sztuk\u0119, nauk\u0119 i edukacj\u0119. Inspiracj\u0105 s\u0105 badania naukowe dotycz\u0105ce stref korzeni ro\u015blin (ryzosfery) tworz\u0105cych sieci z grzybami i mikroorganizmami, w kt\u00f3rych nast\u0119puje dystrybucja informacji i zasob\u00f3w. Sieci te, oparte na r\u00f3\u017cnorodno\u015bci, symbiozie i wsp\u00f3\u0142zale\u017cno\u015bci \u201ema\u0142ych \u015bwiat\u00f3w\u201d, mog\u0105 przetrwa\u0107 [&hellip;]<\/p>\n","protected":false},"author":1,"featured_media":0,"parent":0,"menu_order":0,"comment_status":"closed","ping_status":"closed","template":"","meta":{"ngg_post_thumbnail":0,"footnotes":""},"class_list":["post-377","page","type-page","status-publish","hentry"],"_links":{"self":[{"href":"https:\/\/transdisciplinary-edu.pl\/index.php\/wp-json\/wp\/v2\/pages\/377","targetHints":{"allow":["GET"]}}],"collection":[{"href":"https:\/\/transdisciplinary-edu.pl\/index.php\/wp-json\/wp\/v2\/pages"}],"about":[{"href":"https:\/\/transdisciplinary-edu.pl\/index.php\/wp-json\/wp\/v2\/types\/page"}],"author":[{"embeddable":true,"href":"https:\/\/transdisciplinary-edu.pl\/index.php\/wp-json\/wp\/v2\/users\/1"}],"replies":[{"embeddable":true,"href":"https:\/\/transdisciplinary-edu.pl\/index.php\/wp-json\/wp\/v2\/comments?post=377"}],"version-history":[{"count":23,"href":"https:\/\/transdisciplinary-edu.pl\/index.php\/wp-json\/wp\/v2\/pages\/377\/revisions"}],"predecessor-version":[{"id":1117,"href":"https:\/\/transdisciplinary-edu.pl\/index.php\/wp-json\/wp\/v2\/pages\/377\/revisions\/1117"}],"wp:attachment":[{"href":"https:\/\/transdisciplinary-edu.pl\/index.php\/wp-json\/wp\/v2\/media?parent=377"}],"curies":[{"name":"wp","href":"https:\/\/api.w.org\/{rel}","templated":true}]}}