{"id":834,"date":"2024-03-18T18:40:16","date_gmt":"2024-03-18T17:40:16","guid":{"rendered":"https:\/\/transdisciplinary-edu.pl\/?page_id=834"},"modified":"2024-03-28T21:05:56","modified_gmt":"2024-03-28T20:05:56","slug":"ryzosfera","status":"publish","type":"page","link":"https:\/\/transdisciplinary-edu.pl\/index.php\/ryzosfera\/","title":{"rendered":"Ryzosfera"},"content":{"rendered":"\n<p><\/p>\n\n\n\n<p><\/p>\n\n\n\n<figure class=\"wp-block-image aligncenter size-large is-resized\"><img loading=\"lazy\" decoding=\"async\" width=\"1024\" height=\"1024\" src=\"https:\/\/transdisciplinary-edu.pl\/wp-content\/uploads\/2024\/03\/2-1024x1024.jpg\" alt=\"\" class=\"wp-image-836\" style=\"width:370px;height:auto\" srcset=\"https:\/\/transdisciplinary-edu.pl\/wp-content\/uploads\/2024\/03\/2-1024x1024.jpg 1024w, https:\/\/transdisciplinary-edu.pl\/wp-content\/uploads\/2024\/03\/2-300x300.jpg 300w, https:\/\/transdisciplinary-edu.pl\/wp-content\/uploads\/2024\/03\/2-150x150.jpg 150w, https:\/\/transdisciplinary-edu.pl\/wp-content\/uploads\/2024\/03\/2-768x768.jpg 768w, https:\/\/transdisciplinary-edu.pl\/wp-content\/uploads\/2024\/03\/2.jpg 1500w\" sizes=\"auto, (max-width: 1024px) 100vw, 1024px\" \/><\/figure>\n\n\n\n<p><strong>Ryzosfera: Wielka Sie\u0107 Ma\u0142ych \u015awiat\u00f3w<\/strong> to Kompleksowy projekt artystyczno-badawczo-edukacyjny, zainspirowany badaniami nad strategiami komunikacyjnymi i&nbsp; sieciowymi ro\u015blin.<\/p>\n\n\n\n<p>Dopiero niedawno, uda\u0142o si\u0119 naukowcom wnikn\u0105\u0107 do&nbsp; podziemnej strefy korzeni i odkry\u0107 niezwykle efektywne, rozbudowane sieci sygnalizacji i redystrybucji zasob\u00f3w, kt\u00f3re mog\u0105 przetrwa\u0107 wiele tysi\u0119cy lat. System ryzosfery, <strong>oparty na&nbsp; symbiozie, r\u00f3\u017cnorodno\u015bci i wsp\u00f3\u0142zale\u017cno\u015bci,<\/strong> \u0142\u0105czy \u015bwiat ro\u015blin ze \u015bwiatem mikroorganizm\u00f3w i mykoryzowych grzyb\u00f3w, zapewniaj\u0105c rozw\u00f3j i optymalne warunki do \u017cycia wszystkim udzia\u0142owcom.&nbsp; <a href=\"https:\/\/pl.wikipedia.org\/wiki\/Sieci_mikoryzowe\">Ze wzgl\u0119du na swoj\u0105 integralno\u015b\u0107, rozleg\u0142o\u015b\u0107 i efektywno\u015b\u0107 ten naturalny system zosta\u0142 nazwany \u201eWood Wide Web\u201d<\/a>. Badania nad ro\u015blinnym WWW diametralnie zmieniaj\u0105 rozumienie proces\u00f3w zachodz\u0105cych w naturze.<\/p>\n\n\n\n<p>System operacyjny ryzosfery oparty jest na <strong>modelu sieci ma\u0142ych \u015bwiat\u00f3w<\/strong> zawartym w matematycznej teorii graf\u00f3w. Okazuje si\u0119, \u017ce natura sprzyja temu w\u0142a\u015bnie modelowi, kt\u00f3rego podstaw\u0105 jest samoorganizacja zorientowana na wzajemny szacunek, poczucie uczestnictwa i budowanie wsp\u00f3lnego dobra.<\/p>\n\n\n\n<p>W obliczu globalnych i lokalnych kryzys\u00f3w ekologicznych i spo\u0142ecznych rosn\u0105ca wiedza na temat ro\u015blin i strategii ich komunikacji inspiruje nas do poszukiwania nowych rozwi\u0105za\u0144 na rzecz zr\u00f3wnowa\u017conej, bardziej otwartej i sprawiedliwej przysz\u0142o\u015bci, a tak\u017ce do redefiniowania paradygmat\u00f3w kulturowych, kt\u00f3re determinuj\u0105 nasze zachowania i dzia\u0142ania.<\/p>\n\n\n\n<p>Program zrodzi\u0142 si\u0119 z wieloletniej wsp\u00f3\u0142pracy Pracowni Projekt\u00f3w Transdyscyplinarnych i Bada\u0144 z Wydzia\u0142em Biologii Uniwersytetu im. Adama Mickiewicza UAM, z potrzeby otwierania zamkni\u0119tych struktur akademickich, komunikacji, wymiany wiedzy i do\u015bwiadcze\u0144, z szukania wzajemnych inspiracji i tw\u00f3rczej ciekawo\u015bci. Dzi\u0119ki zaanga\u017cowaniu Art &amp; Science Node oraz partnerskich instytucji, organizacji i os\u00f3b, Rhizosfera szybko rozwija swoj\u0105 interdyscyplinarn\u0105 i mi\u0119dzynarodow\u0105 sie\u0107.<\/p>\n\n\n\n<p><a href=\"https:\/\/artscience-node.com\/rhizosphere-network\/\">https:\/\/artscience-node.com\/rhizosphere-network\/<\/a><\/p>\n\n\n\n<figure class=\"wp-block-image size-full\"><img loading=\"lazy\" decoding=\"async\" width=\"1000\" height=\"560\" src=\"https:\/\/transdisciplinary-edu.pl\/wp-content\/uploads\/2024\/03\/rhizo_mikoryzator_13.png.webp\" alt=\"\" class=\"wp-image-873\" srcset=\"https:\/\/transdisciplinary-edu.pl\/wp-content\/uploads\/2024\/03\/rhizo_mikoryzator_13.png.webp 1000w, https:\/\/transdisciplinary-edu.pl\/wp-content\/uploads\/2024\/03\/rhizo_mikoryzator_13.png-300x168.webp 300w, https:\/\/transdisciplinary-edu.pl\/wp-content\/uploads\/2024\/03\/rhizo_mikoryzator_13.png-768x430.webp 768w\" sizes=\"auto, (max-width: 1000px) 100vw, 1000px\" \/><figcaption class=\"wp-element-caption\"><a href=\"https:\/\/artscience-node.com\/rhizosphere-education\/\" data-type=\"link\" data-id=\"https:\/\/artscience-node.com\/rhizosphere-education\/\">Rhizosphere Education<\/a><\/figcaption><\/figure>\n\n\n\n<figure class=\"wp-block-image aligncenter size-large\"><img loading=\"lazy\" decoding=\"async\" width=\"1024\" height=\"768\" src=\"https:\/\/transdisciplinary-edu.pl\/wp-content\/uploads\/2024\/03\/DSC09282-1024x768.jpg\" alt=\"\" class=\"wp-image-874\" srcset=\"https:\/\/transdisciplinary-edu.pl\/wp-content\/uploads\/2024\/03\/DSC09282-1024x768.jpg 1024w, https:\/\/transdisciplinary-edu.pl\/wp-content\/uploads\/2024\/03\/DSC09282-300x225.jpg 300w, https:\/\/transdisciplinary-edu.pl\/wp-content\/uploads\/2024\/03\/DSC09282-768x576.jpg 768w, https:\/\/transdisciplinary-edu.pl\/wp-content\/uploads\/2024\/03\/DSC09282-1536x1152.jpg 1536w, https:\/\/transdisciplinary-edu.pl\/wp-content\/uploads\/2024\/03\/DSC09282-2048x1536.jpg 2048w\" sizes=\"auto, (max-width: 1024px) 100vw, 1024px\" \/><\/figure>\n\n\n\n<p><a href=\"https:\/\/artscience-node.com\/rhizosphere-workshop-at-the-research-center-of-wu-in-bialowieza-forest\/\" data-type=\"link\" data-id=\"https:\/\/artscience-node.com\/rhizosphere-workshop-at-the-research-center-of-wu-in-bialowieza-forest\/\">Rhizosphere Fieldworks<\/a><\/p>\n\n\n\n<figure class=\"wp-block-image size-large is-resized\"><img loading=\"lazy\" decoding=\"async\" width=\"1024\" height=\"575\" src=\"https:\/\/transdisciplinary-edu.pl\/wp-content\/uploads\/2024\/03\/Rhizosphere_etwinning_main-visual.png-1024x575.webp\" alt=\"\" class=\"wp-image-875\" style=\"width:650px;height:auto\" srcset=\"https:\/\/transdisciplinary-edu.pl\/wp-content\/uploads\/2024\/03\/Rhizosphere_etwinning_main-visual.png-1024x575.webp 1024w, https:\/\/transdisciplinary-edu.pl\/wp-content\/uploads\/2024\/03\/Rhizosphere_etwinning_main-visual.png-300x169.webp 300w, https:\/\/transdisciplinary-edu.pl\/wp-content\/uploads\/2024\/03\/Rhizosphere_etwinning_main-visual.png-768x431.webp 768w, https:\/\/transdisciplinary-edu.pl\/wp-content\/uploads\/2024\/03\/Rhizosphere_etwinning_main-visual.png-1536x863.webp 1536w, https:\/\/transdisciplinary-edu.pl\/wp-content\/uploads\/2024\/03\/Rhizosphere_etwinning_main-visual.png.webp 1780w\" sizes=\"auto, (max-width: 1024px) 100vw, 1024px\" \/><figcaption class=\"wp-element-caption\"><a href=\"https:\/\/artscience-node.com\/rhizosphere-etwinning\/\" data-type=\"link\" data-id=\"https:\/\/artscience-node.com\/rhizosphere-etwinning\/\">Rhizosphere eTwinning<\/a><\/figcaption><\/figure>\n\n\n\n<figure class=\"wp-block-image size-large\"><img loading=\"lazy\" decoding=\"async\" width=\"1024\" height=\"536\" src=\"https:\/\/transdisciplinary-edu.pl\/wp-content\/uploads\/2024\/03\/graphic-SPUN-1024x536.png\" alt=\"\" class=\"wp-image-876\" srcset=\"https:\/\/transdisciplinary-edu.pl\/wp-content\/uploads\/2024\/03\/graphic-SPUN-1024x536.png 1024w, https:\/\/transdisciplinary-edu.pl\/wp-content\/uploads\/2024\/03\/graphic-SPUN-300x157.png 300w, https:\/\/transdisciplinary-edu.pl\/wp-content\/uploads\/2024\/03\/graphic-SPUN-768x402.png 768w, https:\/\/transdisciplinary-edu.pl\/wp-content\/uploads\/2024\/03\/graphic-SPUN-1536x804.png 1536w, https:\/\/transdisciplinary-edu.pl\/wp-content\/uploads\/2024\/03\/graphic-SPUN-2048x1072.png 2048w\" sizes=\"auto, (max-width: 1024px) 100vw, 1024px\" \/><figcaption class=\"wp-element-caption\">grafika: Maria Subczy\u0144ska<\/figcaption><\/figure>\n\n\n\n<p><strong>Ryzosfera:<\/strong> <strong>SPUN Expedition &#8211; grzybowe hotspoty Karpat<\/strong><\/p>\n\n\n\n<p><strong>Curators Lab, 11.04 &#8211; 15.05.2024<\/strong><\/p>\n\n\n\n<p><strong>otwarcie wystawy 11.04, godz. 18:00<\/strong><\/p>\n\n\n\n<p><em>Poznaj \u015bwiat ekosystem\u00f3w \u017cyj\u0105cych pod korzeniami monumentalnych drzew w Bieszczadach. To cz\u0119\u015b\u0107 projektu eksploracji ostatnich bia\u0142ych plam na mapie \u015bwiata \u2013 hotspot\u00f3w grzybowych. Poznaj naukowych i artystycznych mykonaut\u00f3w!<\/em><\/p>\n\n\n\n<p><strong>Wystawa art &amp; science prezentuj\u0105ca wyniki projektu badawczego Mykoryzowe Bogactwo Karpat Wschodnich w ramach globalnego programu SPUN Expeditions<\/strong><\/p>\n\n\n\n<p>multimedialna&nbsp; prezentacja projektu <strong>art|science<\/strong> w postaci prac artystycznych po\u0142\u0105czonych z popularyzacj\u0105 wynik\u00f3w bada\u0144 naukowych dotycz\u0105cych bior\u00f3\u017cnorodno\u015bci i fundamentalnej roli sieci grzybowych (mikoryzowych) w ekosystemach.<\/p>\n\n\n\n<p><strong>Mykonauci: <\/strong>Miko\u0142aj Charchuta, Maksymilian Chmielewski, Joanna Hoffmann, Robert Kalak, W\u0142adys\u0142aw Polcyn, Jadwiga Subczy\u0144ska, Maria Subczy\u0144ska&nbsp;<\/p>\n\n\n\n<p>Jeste\u015bmy interdyscyplinarnym zespo\u0142em, kt\u00f3ry w ramach programu <strong>SPUN Expedition <\/strong>zajmuje si\u0119 badaniami nad rol\u0105 drzew pomnikowych i ich mykobiom\u00f3w w utrzymaniu naturalnych ekosystem\u00f3w <strong>Rezerwatu Biosfery Karpaty Wschodnie<\/strong>, zw\u0142aszcza w otulinie Bieszczadzkiego Parku Narodowego. Jest to obszar o wyj\u0105tkowym znaczeniu nie tylko biologicznym, ale tak\u017ce kulturowym i historycznym, po\u0142o\u017cony na pograniczu Polski, Ukrainy i S\u0142owacji. Naszym zamiarem jest wizualizacja niezwykle z\u0142o\u017conych i bogatych sieci grzybowych oraz popularyzacja wiedzy o ich fundamentalnej roli w lokalnych i globalnych ekosystemach, z naciskiem na ukazanie g\u0142\u0119bokich powi\u0105za\u0144 pomi\u0119dzy procesami biologicznymi, spo\u0142ecznymi i kulturowymi.<a href=\"https:\/\/artscience-node.com\/rhizospehere-spun-expedition\/\"> https:\/\/artscience-node.com\/rhizospehere-spun-expedition\/<\/a><\/p>\n\n\n\n<p><strong>SPUN<\/strong> <strong>S<\/strong>ociety for the <strong>P<\/strong>rotection<strong> of U<\/strong>nderground<strong> N<\/strong>etworks (<a href=\"https:\/\/www.spun.earth\/\">https:\/\/www.spun.earth<\/a>) to organizacja naukowo-badawcza o zasi\u0119gu globalnym za\u0142o\u017cona w celu mapowania zbiorowisk grzyb\u00f3w mikoryzowych i propagowania ich ochrony. W ramach jej dzia\u0142alno\u015bci realizowany jest mi\u0119dzynarodowy program <strong>SPUN-EXPEDITION<\/strong> z ambitnym celem zainicjowania globalnych dzia\u0142a\u0144 na rzecz ochrony podziemnych ekosystem\u00f3w, kt\u00f3re w du\u017cej mierze nie s\u0105 uwzgl\u0119dniane w programach dotycz\u0105cych r\u00f3\u017cnorodno\u015bci biologicznej i zmian klimatycznych.<\/p>\n\n\n\n<p>Wierzymy, \u017ce projekt \u0142\u0105cz\u0105cy wiedz\u0119 naukow\u0105 z wyobra\u017ani\u0105 artystyczn\u0105 i kreatywnymi strategiami komunikacji dotrze z przekazem do szerokiego i zr\u00f3\u017cnicowanego odbiorcy, podnosz\u0105c \u015bwiadomo\u015b\u0107 oraz stymuluj\u0105c zaanga\u017cowanie spo\u0142eczne i dzia\u0142ania na rzecz ochrony obszar\u00f3w zagro\u017conych, kt\u00f3re stanowi\u0105 podstaw\u0119 naszego biologicznego i spo\u0142ecznego bezpiecze\u0144stwa.<\/p>\n\n\n\n<p>Realizowane projekty artystyczne podkre\u015blaj\u0105 g\u0142\u0119boko humanistyczny wymiar dziedzictwa przyrodniczego jako wsp\u00f3lnej warto\u015bci, \u0142\u0105cz\u0105cej nas \u201eponad granicami\u201d. Jednocze\u015bnie d\u0105\u017c\u0105 do zmiany paradygm\\at\u00f3w antropocentrycznych na rzecz podej\u015bcia bardziej holistycznego oraz prze\u0142amania schemat\u00f3w ekonomicznego podej\u015bcia do zasob\u00f3w le\u015bnych, zar\u00f3wno w skali lokalnej, jak i globalnej.<\/p>\n\n\n\n<p><a href=\"https:\/\/artscience-node.com\/spun-expedition-exhibition\/\">https:\/\/artscience-node.com\/spun-expedition-exhibition\/<\/a><\/p>\n\n\n\n<center><iframe loading=\"lazy\" src=\"https:\/\/www.google.com\/maps\/d\/u\/0\/embed?mid=11MDSxoe3KPpcjvl4I3iRqty72a0E6-8&#038;ehbc=2E312F\" width=\"640\" height=\"480\"><\/iframe><\/center>\n","protected":false},"excerpt":{"rendered":"<p>Ryzosfera: Wielka Sie\u0107 Ma\u0142ych \u015awiat\u00f3w to Kompleksowy projekt artystyczno-badawczo-edukacyjny, zainspirowany badaniami nad strategiami komunikacyjnymi i&nbsp; sieciowymi ro\u015blin. Dopiero niedawno, uda\u0142o si\u0119 naukowcom wnikn\u0105\u0107 do&nbsp; podziemnej strefy korzeni i odkry\u0107 niezwykle efektywne, rozbudowane sieci sygnalizacji i redystrybucji zasob\u00f3w, kt\u00f3re mog\u0105 przetrwa\u0107 wiele tysi\u0119cy lat. System ryzosfery, oparty na&nbsp; symbiozie, r\u00f3\u017cnorodno\u015bci i wsp\u00f3\u0142zale\u017cno\u015bci, \u0142\u0105czy \u015bwiat ro\u015blin ze [&hellip;]<\/p>\n","protected":false},"author":1,"featured_media":0,"parent":0,"menu_order":0,"comment_status":"closed","ping_status":"closed","template":"","meta":{"ngg_post_thumbnail":0,"footnotes":""},"class_list":["post-834","page","type-page","status-publish","hentry"],"_links":{"self":[{"href":"https:\/\/transdisciplinary-edu.pl\/index.php\/wp-json\/wp\/v2\/pages\/834","targetHints":{"allow":["GET"]}}],"collection":[{"href":"https:\/\/transdisciplinary-edu.pl\/index.php\/wp-json\/wp\/v2\/pages"}],"about":[{"href":"https:\/\/transdisciplinary-edu.pl\/index.php\/wp-json\/wp\/v2\/types\/page"}],"author":[{"embeddable":true,"href":"https:\/\/transdisciplinary-edu.pl\/index.php\/wp-json\/wp\/v2\/users\/1"}],"replies":[{"embeddable":true,"href":"https:\/\/transdisciplinary-edu.pl\/index.php\/wp-json\/wp\/v2\/comments?post=834"}],"version-history":[{"count":6,"href":"https:\/\/transdisciplinary-edu.pl\/index.php\/wp-json\/wp\/v2\/pages\/834\/revisions"}],"predecessor-version":[{"id":881,"href":"https:\/\/transdisciplinary-edu.pl\/index.php\/wp-json\/wp\/v2\/pages\/834\/revisions\/881"}],"wp:attachment":[{"href":"https:\/\/transdisciplinary-edu.pl\/index.php\/wp-json\/wp\/v2\/media?parent=834"}],"curies":[{"name":"wp","href":"https:\/\/api.w.org\/{rel}","templated":true}]}}